{"id":728,"date":"2021-10-29T12:32:27","date_gmt":"2021-10-29T12:32:27","guid":{"rendered":"https:\/\/parcequestreolympiquebromont.org\/contact\/"},"modified":"2026-04-01T20:44:32","modified_gmt":"2026-04-01T20:44:32","slug":"contact","status":"publish","type":"page","link":"https:\/\/parcequestreolympiquebromont.org\/en\/contact\/","title":{"rendered":"Contact"},"content":{"rendered":"\t\t<div data-elementor-type=\"wp-page\" data-elementor-id=\"728\" class=\"elementor elementor-728 elementor-102\">\n\t\t\t\t<div class=\"elementor-element elementor-element-def2817 e-con-full e-flex rael-particle-no e-con e-parent\" data-id=\"def2817\" data-element_type=\"container\" data-e-type=\"container\" data-settings=\"{&quot;rae_animations_entrance&quot;:&quot;none&quot;}\">\n\t\t\t\t<div class=\"elementor-element elementor-element-88789d1 elementor-widget elementor-widget-html\" data-id=\"88789d1\" data-element_type=\"widget\" data-e-type=\"widget\" data-widget_type=\"html.default\">\n\t\t\t\t<div class=\"elementor-widget-container\">\n\t\t\t\t\t<iframe src=\"https:\/\/www.google.com\/maps\/embed?pb=!1m14!1m8!1m3!1d22456.651127513556!2d-72.671991!3d45.286577!3m2!1i1024!2i768!4f13.1!3m3!1m2!1s0x4cc9dbdc949e5c99%3A0x11679405d57c629a!2s450%20Chem.%20de%20Gasp%C3%A9%2C%20Bromont%2C%20QC%20J2L%201A9%2C%20Canada!5e0!3m2!1sfr!2sus!4v1775056696190!5m2!1sfr!2sus\" width=\"600\" height=\"300\" style=\"border:0;\" allowfullscreen=\"\" loading=\"lazy\" referrerpolicy=\"no-referrer-when-downgrade\"><\/iframe>\t\t\t\t<\/div>\n\t\t\t\t<\/div>\n\t\t\t\t<\/div>\n\t\t<div class=\"elementor-element elementor-element-1353617 e-flex e-con-boxed rael-particle-no e-con e-parent\" data-id=\"1353617\" data-element_type=\"container\" data-e-type=\"container\" data-settings=\"{&quot;rae_animations_entrance&quot;:&quot;none&quot;}\">\n\t\t\t\t\t<div class=\"e-con-inner\">\n\t\t<div class=\"elementor-element elementor-element-f1e0e3a e-con-full text-partenaire e-flex rael-particle-no e-con e-child\" data-id=\"f1e0e3a\" data-element_type=\"container\" data-e-type=\"container\" data-settings=\"{&quot;rae_animations_entrance&quot;:&quot;none&quot;}\">\n\t\t\t\t<div class=\"elementor-element elementor-element-53b730e elementor-widget elementor-widget-heading\" data-id=\"53b730e\" data-element_type=\"widget\" data-e-type=\"widget\" data-widget_type=\"heading.default\">\n\t\t\t\t<div class=\"elementor-widget-container\">\n\t\t\t\t\t<h1 class=\"elementor-heading-title elementor-size-default\">Contact us<\/h1>\t\t\t\t<\/div>\n\t\t\t\t<\/div>\n\t\t\t\t<div class=\"elementor-element elementor-element-a67d948 elementor-widget elementor-widget-heading\" data-id=\"a67d948\" data-element_type=\"widget\" data-e-type=\"widget\" data-widget_type=\"heading.default\">\n\t\t\t\t<div class=\"elementor-widget-container\">\n\t\t\t\t\t<h2 class=\"elementor-heading-title elementor-size-default\">International Bromont<\/h2>\t\t\t\t<\/div>\n\t\t\t\t<\/div>\n\t\t\t\t<div class=\"elementor-element elementor-element-64e5bc6 elementor-widget elementor-widget-text-editor\" data-id=\"64e5bc6\" data-element_type=\"widget\" data-e-type=\"widget\" data-widget_type=\"text-editor.default\">\n\t\t\t\t<div class=\"elementor-widget-container\">\n\t\t\t\t\t\t\t\t\t<p>450 chemin de Gasp\u00e9,<br \/>Bromont, Qu\u00e9bec,<br \/>Canada J2L 2P4<br \/><b>Phone : <a href=\"tel:+1(450) 534-0787\">(450) 534-0787<\/a><\/b><\/p>\t\t\t\t\t\t\t\t<\/div>\n\t\t\t\t<\/div>\n\t\t\t\t<div class=\"elementor-element elementor-element-485e4f6 elementor-widget elementor-widget-heading\" data-id=\"485e4f6\" data-element_type=\"widget\" data-e-type=\"widget\" data-widget_type=\"heading.default\">\n\t\t\t\t<div class=\"elementor-widget-container\">\n\t\t\t\t\t<h2 class=\"elementor-heading-title elementor-size-default\">Useful links<\/h2>\t\t\t\t<\/div>\n\t\t\t\t<\/div>\n\t\t\t\t<div class=\"elementor-element elementor-element-f82e201 pageContact  elementor-widget elementor-widget-text-editor\" data-id=\"f82e201\" data-element_type=\"widget\" data-e-type=\"widget\" data-widget_type=\"text-editor.default\">\n\t\t\t\t<div class=\"elementor-widget-container\">\n\t\t\t\t\t\t\t\t\t<h4 class=\"colorBlue\">Ville de Bromont<\/h4><p><b>T :\u00a0<a href=\"tel:+450 534-2021\">450 534-2021<\/a><\/b><br \/><a class=\"aUnderline\" href=\"https:\/\/www.bromont.net\/\" target=\"_blank\" rel=\"noopener\">https:\/\/www.bromont.net\/<\/a><\/p><h4 class=\"colorBlue\">FEI<\/h4><p><a class=\"aUnderline\" href=\"https:\/\/www.fei.org\/\" target=\"_blank\" rel=\"noopener\">https:\/\/www.fei.org\/<\/a><\/p><h4 class=\"colorBlue\">Canada \u00c9questre<\/h4><p><b>T :\u00a0<a href=\"tel:+1-866-282-8395\">1-866-282-8395<\/a><\/b><br \/><a class=\"aUnderline\" href=\"https:\/\/www.canadaequestre.ca\/\" target=\"_blank\" rel=\"noopener\">https:\/\/www.canadaequestre.ca\/<\/a><\/p><h4 class=\"colorBlue\">Cheval Qu\u00e9bec<\/h4><p><b>T :\u00a0<a href=\"tel:+1-866-575-0515\">1-866-575-0515<\/a><\/b><br \/><a class=\"aUnderline\" href=\"https:\/\/cheval.quebec\/\" target=\"_blank\" rel=\"noopener\">https:\/\/cheval.quebec\/<\/a><\/p>\t\t\t\t\t\t\t\t<\/div>\n\t\t\t\t<\/div>\n\t\t\t\t<\/div>\n\t\t<div class=\"elementor-element elementor-element-dd5559a e-con-full e-flex rael-particle-no e-con e-child\" data-id=\"dd5559a\" data-element_type=\"container\" data-e-type=\"container\" data-settings=\"{&quot;rae_animations_entrance&quot;:&quot;none&quot;}\">\n\t\t\t\t<div class=\"elementor-element elementor-element-569c64e6 elementor-widget elementor-widget-text-editor\" data-id=\"569c64e6\" data-element_type=\"widget\" data-e-type=\"widget\" data-widget_type=\"text-editor.default\">\n\t\t\t\t<div class=\"elementor-widget-container\">\n\t\t\t\t\t\t\t\t\t<h3 style=\"text-align: center;\">\u00a0<\/h3>\n<div class=\"wpcf7 no-js\" id=\"wpcf7-f784-o1\" lang=\"fr-CA\" dir=\"ltr\" data-wpcf7-id=\"784\">\n<div class=\"screen-reader-response\"><p role=\"status\" aria-live=\"polite\" aria-atomic=\"true\"><\/p> <ul><\/ul><\/div>\n<form action=\"\/en\/wp-json\/wp\/v2\/pages\/728#wpcf7-f784-o1\" method=\"post\" class=\"wpcf7-form init\" aria-label=\"Contact form\" novalidate=\"novalidate\" data-status=\"init\">\n<fieldset class=\"hidden-fields-container\"><input type=\"hidden\" name=\"_wpcf7\" value=\"784\" \/><input type=\"hidden\" name=\"_wpcf7_version\" value=\"6.1.5\" \/><input type=\"hidden\" name=\"_wpcf7_locale\" value=\"fr_CA\" \/><input type=\"hidden\" name=\"_wpcf7_unit_tag\" value=\"wpcf7-f784-o1\" \/><input type=\"hidden\" name=\"_wpcf7_container_post\" value=\"0\" \/><input type=\"hidden\" name=\"_wpcf7_posted_data_hash\" value=\"\" \/><input type=\"hidden\" name=\"_wpcf7_recaptcha_response\" value=\"\" \/>\n<\/fieldset>\n<p><label> What is the subject? *<br \/>\n<span class=\"wpcf7-form-control-wrap\" data-name=\"menu-35\"><select class=\"wpcf7-form-control wpcf7-select wpcf7-validates-as-required\" aria-required=\"true\" aria-invalid=\"false\" name=\"menu-35\"><option value=\"\"><\/option><option value=\"General information\">General information<\/option><option value=\"International Bromont related\">International Bromont related<\/option><option value=\"Volunteering\">Volunteering<\/option><\/select><\/span><br \/>\n<\/label><br \/>\n<label> Your name*<br \/>\n<span class=\"wpcf7-form-control-wrap\" data-name=\"your-name\"><input size=\"40\" maxlength=\"400\" class=\"wpcf7-form-control wpcf7-text wpcf7-validates-as-required\" aria-required=\"true\" aria-invalid=\"false\" value=\"\" type=\"text\" name=\"your-name\" \/><\/span> <\/label>\n<\/p>\n<p><label> Your email*<br \/>\n<span class=\"wpcf7-form-control-wrap\" data-name=\"your-email\"><input size=\"40\" maxlength=\"400\" class=\"wpcf7-form-control wpcf7-email wpcf7-validates-as-required wpcf7-text wpcf7-validates-as-email\" aria-required=\"true\" aria-invalid=\"false\" value=\"\" type=\"email\" name=\"your-email\" \/><\/span> <\/label>\n<\/p>\n<p><label> Object*<br \/>\n<span class=\"wpcf7-form-control-wrap\" data-name=\"your-subject\"><input size=\"40\" maxlength=\"400\" class=\"wpcf7-form-control wpcf7-text\" aria-invalid=\"false\" value=\"\" type=\"text\" name=\"your-subject\" \/><\/span> <\/label>\n<\/p>\n<p><label> Your Message*<br \/>\n<span class=\"wpcf7-form-control-wrap\" data-name=\"your-message\"><textarea cols=\"40\" rows=\"10\" maxlength=\"2000\" class=\"wpcf7-form-control wpcf7-textarea\" aria-invalid=\"false\" name=\"your-message\"><\/textarea><\/span> <\/label>\n<\/p>\n<p><span id=\"wpcf7-69dc287634131-wrapper\" class=\"wpcf7-form-control-wrap honeypot-327-wrap\" ><input type=\"hidden\" name=\"honeypot-327-time-start\" value=\"1776035958\"><input type=\"hidden\" name=\"honeypot-327-time-check\" value=\"4\"><label for=\"wpcf7-69dc287634131-field\" class=\"hp-message\">Please leave this field empty.<\/label><input id=\"wpcf7-69dc287634131-field\"  class=\"wpcf7-form-control wpcf7-text\" type=\"text\" name=\"honeypot-327\" value=\"\" size=\"40\" tabindex=\"-1\" autocomplete=\"new-password\" \/><\/span><br \/>\n<input class=\"wpcf7-form-control wpcf7-submit has-spinner\" type=\"submit\" value=\"Submit\" \/>\n<\/p><div class=\"wpcf7-response-output\" aria-hidden=\"true\"><\/div>\n<\/form>\n<\/div>\n\t\t\t\t\t\t\t\t<\/div>\n\t\t\t\t<\/div>\n\t\t\t\t<\/div>\n\t\t\t\t\t<\/div>\n\t\t\t\t<\/div>\n\t\t<div class=\"elementor-element elementor-element-65c0534b e-flex e-con-boxed rael-particle-no e-con e-parent\" data-id=\"65c0534b\" data-element_type=\"container\" data-e-type=\"container\" data-settings=\"{&quot;rae_animations_entrance&quot;:&quot;none&quot;}\">\n\t\t\t\t\t<div class=\"e-con-inner\">\n\t\t\t\t\t<\/div>\n\t\t\t\t<\/div>\n\t\t\t\t<\/div>\n\t\t","protected":false},"excerpt":{"rendered":"<p>Contact us International Bromont 450 chemin de Gasp\u00e9,Bromont, Qu\u00e9bec,Canada J2L 2P4Phone : (450) 534-0787 Useful links Ville de Bromont T [&hellip;]<\/p>\n","protected":false},"author":1,"featured_media":0,"parent":0,"menu_order":0,"comment_status":"closed","ping_status":"closed","template":"","meta":{"om_disable_all_campaigns":false,"_monsterinsights_skip_tracking":false,"_monsterinsights_sitenote_active":false,"_monsterinsights_sitenote_note":"","_monsterinsights_sitenote_category":0,"site-sidebar-layout":"default","site-content-layout":"","ast-site-content-layout":"full-width-container","site-content-style":"default","site-sidebar-style":"default","ast-global-header-display":"","ast-banner-title-visibility":"","ast-main-header-display":"","ast-hfb-above-header-display":"","ast-hfb-below-header-display":"","ast-hfb-mobile-header-display":"","site-post-title":"disabled","ast-breadcrumbs-content":"","ast-featured-img":"","footer-sml-layout":"","ast-disable-related-posts":"","theme-transparent-header-meta":"","adv-header-id-meta":"","stick-header-meta":"","header-above-stick-meta":"","header-main-stick-meta":"","header-below-stick-meta":"","astra-migrate-meta-layouts":"default","ast-page-background-enabled":"default","ast-page-background-meta":{"desktop":{"background-color":"var(--ast-global-color-5)","background-image":"","background-repeat":"repeat","background-position":"center center","background-size":"auto","background-attachment":"scroll","background-type":"","background-media":"","overlay-type":"","overlay-color":"","overlay-opacity":"","overlay-gradient":""},"tablet":{"background-color":"","background-image":"","background-repeat":"repeat","background-position":"center center","background-size":"auto","background-attachment":"scroll","background-type":"","background-media":"","overlay-type":"","overlay-color":"","overlay-opacity":"","overlay-gradient":""},"mobile":{"background-color":"","background-image":"","background-repeat":"repeat","background-position":"center center","background-size":"auto","background-attachment":"scroll","background-type":"","background-media":"","overlay-type":"","overlay-color":"","overlay-opacity":"","overlay-gradient":""}},"ast-content-background-meta":{"desktop":{"background-color":"var(--ast-global-color-4)","background-image":"","background-repeat":"repeat","background-position":"center center","background-size":"auto","background-attachment":"scroll","background-type":"","background-media":"","overlay-type":"","overlay-color":"","overlay-opacity":"","overlay-gradient":""},"tablet":{"background-color":"var(--ast-global-color-4)","background-image":"","background-repeat":"repeat","background-position":"center center","background-size":"auto","background-attachment":"scroll","background-type":"","background-media":"","overlay-type":"","overlay-color":"","overlay-opacity":"","overlay-gradient":""},"mobile":{"background-color":"var(--ast-global-color-4)","background-image":"","background-repeat":"repeat","background-position":"center center","background-size":"auto","background-attachment":"scroll","background-type":"","background-media":"","overlay-type":"","overlay-color":"","overlay-opacity":"","overlay-gradient":""}},"footnotes":""},"class_list":["post-728","page","type-page","status-publish","hentry"],"acf":[],"aioseo_notices":[],"yoast_head":"<!-- This site is optimized with the Yoast SEO plugin v27.3 - https:\/\/yoast.com\/product\/yoast-seo-wordpress\/ -->\n<title>Contact - Parc \u00e9questre olympique Bromont<\/title>\n<meta name=\"robots\" content=\"index, follow, max-snippet:-1, max-image-preview:large, max-video-preview:-1\" \/>\n<link rel=\"canonical\" href=\"https:\/\/parcequestreolympiquebromont.org\/en\/contact\/\" \/>\n<meta property=\"og:locale\" content=\"en_US\" \/>\n<meta property=\"og:type\" content=\"article\" \/>\n<meta property=\"og:title\" content=\"Contact - Parc \u00e9questre olympique Bromont\" \/>\n<meta property=\"og:description\" content=\"Contact us International Bromont 450 chemin de Gasp\u00e9,Bromont, Qu\u00e9bec,Canada J2L 2P4Phone : (450) 534-0787 Useful links Ville de Bromont T [&hellip;]\" \/>\n<meta property=\"og:url\" content=\"https:\/\/parcequestreolympiquebromont.org\/en\/contact\/\" \/>\n<meta property=\"og:site_name\" content=\"Parc \u00e9questre olympique Bromont\" \/>\n<meta property=\"article:modified_time\" content=\"2026-04-01T20:44:32+00:00\" \/>\n<meta name=\"twitter:card\" content=\"summary_large_image\" \/>\n<meta name=\"twitter:label1\" content=\"Est. reading time\" \/>\n\t<meta name=\"twitter:data1\" content=\"1 minute\" \/>\n<script type=\"application\/ld+json\" class=\"yoast-schema-graph\">{\"@context\":\"https:\\\/\\\/schema.org\",\"@graph\":[{\"@type\":\"WebPage\",\"@id\":\"https:\\\/\\\/parcequestreolympiquebromont.org\\\/en\\\/contact\\\/\",\"url\":\"https:\\\/\\\/parcequestreolympiquebromont.org\\\/en\\\/contact\\\/\",\"name\":\"Contact - Parc \u00e9questre olympique Bromont\",\"isPartOf\":{\"@id\":\"https:\\\/\\\/parcequestreolympiquebromont.org\\\/#website\"},\"datePublished\":\"2021-10-29T12:32:27+00:00\",\"dateModified\":\"2026-04-01T20:44:32+00:00\",\"breadcrumb\":{\"@id\":\"https:\\\/\\\/parcequestreolympiquebromont.org\\\/en\\\/contact\\\/#breadcrumb\"},\"inLanguage\":\"en-US\",\"potentialAction\":[{\"@type\":\"ReadAction\",\"target\":[\"https:\\\/\\\/parcequestreolympiquebromont.org\\\/en\\\/contact\\\/\"]}]},{\"@type\":\"BreadcrumbList\",\"@id\":\"https:\\\/\\\/parcequestreolympiquebromont.org\\\/en\\\/contact\\\/#breadcrumb\",\"itemListElement\":[{\"@type\":\"ListItem\",\"position\":1,\"name\":\"Accueil\",\"item\":\"https:\\\/\\\/parcequestreolympiquebromont.org\\\/\"},{\"@type\":\"ListItem\",\"position\":2,\"name\":\"Contact\"}]},{\"@type\":\"WebSite\",\"@id\":\"https:\\\/\\\/parcequestreolympiquebromont.org\\\/#website\",\"url\":\"https:\\\/\\\/parcequestreolympiquebromont.org\\\/\",\"name\":\"Parc \u00e9questre olympique Bromont\",\"description\":\"\",\"potentialAction\":[{\"@type\":\"SearchAction\",\"target\":{\"@type\":\"EntryPoint\",\"urlTemplate\":\"https:\\\/\\\/parcequestreolympiquebromont.org\\\/?s={search_term_string}\"},\"query-input\":{\"@type\":\"PropertyValueSpecification\",\"valueRequired\":true,\"valueName\":\"search_term_string\"}}],\"inLanguage\":\"en-US\"}]}<\/script>\n<!-- \/ Yoast SEO plugin. -->","yoast_head_json":{"title":"Contact - Parc \u00e9questre olympique Bromont","robots":{"index":"index","follow":"follow","max-snippet":"max-snippet:-1","max-image-preview":"max-image-preview:large","max-video-preview":"max-video-preview:-1"},"canonical":"https:\/\/parcequestreolympiquebromont.org\/en\/contact\/","og_locale":"en_US","og_type":"article","og_title":"Contact - Parc \u00e9questre olympique Bromont","og_description":"Contact us International Bromont 450 chemin de Gasp\u00e9,Bromont, Qu\u00e9bec,Canada J2L 2P4Phone : (450) 534-0787 Useful links Ville de Bromont T [&hellip;]","og_url":"https:\/\/parcequestreolympiquebromont.org\/en\/contact\/","og_site_name":"Parc \u00e9questre olympique Bromont","article_modified_time":"2026-04-01T20:44:32+00:00","twitter_card":"summary_large_image","twitter_misc":{"Est. reading time":"1 minute"},"schema":{"@context":"https:\/\/schema.org","@graph":[{"@type":"WebPage","@id":"https:\/\/parcequestreolympiquebromont.org\/en\/contact\/","url":"https:\/\/parcequestreolympiquebromont.org\/en\/contact\/","name":"Contact - Parc \u00e9questre olympique Bromont","isPartOf":{"@id":"https:\/\/parcequestreolympiquebromont.org\/#website"},"datePublished":"2021-10-29T12:32:27+00:00","dateModified":"2026-04-01T20:44:32+00:00","breadcrumb":{"@id":"https:\/\/parcequestreolympiquebromont.org\/en\/contact\/#breadcrumb"},"inLanguage":"en-US","potentialAction":[{"@type":"ReadAction","target":["https:\/\/parcequestreolympiquebromont.org\/en\/contact\/"]}]},{"@type":"BreadcrumbList","@id":"https:\/\/parcequestreolympiquebromont.org\/en\/contact\/#breadcrumb","itemListElement":[{"@type":"ListItem","position":1,"name":"Accueil","item":"https:\/\/parcequestreolympiquebromont.org\/"},{"@type":"ListItem","position":2,"name":"Contact"}]},{"@type":"WebSite","@id":"https:\/\/parcequestreolympiquebromont.org\/#website","url":"https:\/\/parcequestreolympiquebromont.org\/","name":"Parc \u00e9questre olympique Bromont","description":"","potentialAction":[{"@type":"SearchAction","target":{"@type":"EntryPoint","urlTemplate":"https:\/\/parcequestreolympiquebromont.org\/?s={search_term_string}"},"query-input":{"@type":"PropertyValueSpecification","valueRequired":true,"valueName":"search_term_string"}}],"inLanguage":"en-US"}]}},"_links":{"self":[{"href":"https:\/\/parcequestreolympiquebromont.org\/en\/wp-json\/wp\/v2\/pages\/728","targetHints":{"allow":["GET"]}}],"collection":[{"href":"https:\/\/parcequestreolympiquebromont.org\/en\/wp-json\/wp\/v2\/pages"}],"about":[{"href":"https:\/\/parcequestreolympiquebromont.org\/en\/wp-json\/wp\/v2\/types\/page"}],"author":[{"embeddable":true,"href":"https:\/\/parcequestreolympiquebromont.org\/en\/wp-json\/wp\/v2\/users\/1"}],"replies":[{"embeddable":true,"href":"https:\/\/parcequestreolympiquebromont.org\/en\/wp-json\/wp\/v2\/comments?post=728"}],"version-history":[{"count":4,"href":"https:\/\/parcequestreolympiquebromont.org\/en\/wp-json\/wp\/v2\/pages\/728\/revisions"}],"predecessor-version":[{"id":6029,"href":"https:\/\/parcequestreolympiquebromont.org\/en\/wp-json\/wp\/v2\/pages\/728\/revisions\/6029"}],"wp:attachment":[{"href":"https:\/\/parcequestreolympiquebromont.org\/en\/wp-json\/wp\/v2\/media?parent=728"}],"curies":[{"name":"wp","href":"https:\/\/api.w.org\/{rel}","templated":true}]}}