{"id":739,"date":"2021-10-29T12:32:13","date_gmt":"2021-10-29T12:32:13","guid":{"rendered":"https:\/\/parcequestreolympiquebromont.org\/site\/"},"modified":"2026-04-01T20:47:02","modified_gmt":"2026-04-01T20:47:02","slug":"park","status":"publish","type":"page","link":"https:\/\/parcequestreolympiquebromont.org\/en\/park\/","title":{"rendered":"Park"},"content":{"rendered":"\t\t<div data-elementor-type=\"wp-page\" data-elementor-id=\"739\" class=\"elementor elementor-739 elementor-100\">\n\t\t\t\t<div class=\"elementor-element elementor-element-c831824 e-con-full e-flex rael-particle-no e-con e-parent\" data-id=\"c831824\" data-element_type=\"container\" data-e-type=\"container\" data-settings=\"{&quot;rae_animations_entrance&quot;:&quot;none&quot;}\">\n\t\t\t\t<div class=\"elementor-element elementor-element-09587dc elementor-widget elementor-widget-image\" data-id=\"09587dc\" data-element_type=\"widget\" data-e-type=\"widget\" data-widget_type=\"image.default\">\n\t\t\t\t<div class=\"elementor-widget-container\">\n\t\t\t\t\t\t\t\t\t\t\t\t\t\t\t<img fetchpriority=\"high\" decoding=\"async\" width=\"2550\" height=\"305\" src=\"https:\/\/parcequestreolympiquebromont.org\/wp-content\/uploads\/2026\/04\/banniere-autre-PAGES-1.jpg\" class=\"attachment-full size-full wp-image-6030\" alt=\"\" srcset=\"https:\/\/parcequestreolympiquebromont.org\/wp-content\/uploads\/2026\/04\/banniere-autre-PAGES-1.jpg 2550w, https:\/\/parcequestreolympiquebromont.org\/wp-content\/uploads\/2026\/04\/banniere-autre-PAGES-1-300x36.jpg 300w, https:\/\/parcequestreolympiquebromont.org\/wp-content\/uploads\/2026\/04\/banniere-autre-PAGES-1-1024x122.jpg 1024w, https:\/\/parcequestreolympiquebromont.org\/wp-content\/uploads\/2026\/04\/banniere-autre-PAGES-1-768x92.jpg 768w, https:\/\/parcequestreolympiquebromont.org\/wp-content\/uploads\/2026\/04\/banniere-autre-PAGES-1-1536x184.jpg 1536w, https:\/\/parcequestreolympiquebromont.org\/wp-content\/uploads\/2026\/04\/banniere-autre-PAGES-1-2048x245.jpg 2048w\" sizes=\"(max-width: 2550px) 100vw, 2550px\" \/>\t\t\t\t\t\t\t\t\t\t\t\t\t\t\t<\/div>\n\t\t\t\t<\/div>\n\t\t\t\t<\/div>\n\t\t<div class=\"elementor-element elementor-element-a04cc16 e-flex e-con-boxed rael-particle-no e-con e-parent\" data-id=\"a04cc16\" data-element_type=\"container\" data-e-type=\"container\" data-settings=\"{&quot;background_background&quot;:&quot;classic&quot;,&quot;rae_animations_entrance&quot;:&quot;none&quot;}\">\n\t\t\t\t\t<div class=\"e-con-inner\">\n\t\t\t\t<div class=\"elementor-element elementor-element-74b1325 elementor-widget elementor-widget-rael-breadcrumbs\" data-id=\"74b1325\" data-element_type=\"widget\" data-e-type=\"widget\" data-widget_type=\"rael-breadcrumbs.default\">\n\t\t\t\t<div class=\"elementor-widget-container\">\n\t\t\t\t\t<div id=\"breadcrumbs\"><span><span><a href=\"https:\/\/parcequestreolympiquebromont.org\/\">Accueil<\/a><\/span><\/span><\/div>\t\t\t\t<\/div>\n\t\t\t\t<\/div>\n\t\t\t\t\t<\/div>\n\t\t\t\t<\/div>\n\t\t<div class=\"elementor-element elementor-element-79088b0 e-flex e-con-boxed rael-particle-no e-con e-parent\" data-id=\"79088b0\" data-element_type=\"container\" data-e-type=\"container\" data-settings=\"{&quot;rae_animations_entrance&quot;:&quot;none&quot;}\">\n\t\t\t\t\t<div class=\"e-con-inner\">\n\t\t\t\t<div class=\"elementor-element elementor-element-b477845 elementor-widget elementor-widget-heading\" data-id=\"b477845\" data-element_type=\"widget\" data-e-type=\"widget\" data-widget_type=\"heading.default\">\n\t\t\t\t<div class=\"elementor-widget-container\">\n\t\t\t\t\t<h1 class=\"elementor-heading-title elementor-size-default\">Park<\/h1>\t\t\t\t<\/div>\n\t\t\t\t<\/div>\n\t\t\t\t<div class=\"elementor-element elementor-element-b8d898f elementor-widget elementor-widget-image\" data-id=\"b8d898f\" data-element_type=\"widget\" data-e-type=\"widget\" data-widget_type=\"image.default\">\n\t\t\t\t<div class=\"elementor-widget-container\">\n\t\t\t\t\t\t\t\t\t\t\t\t\t\t\t<img decoding=\"async\" width=\"2560\" height=\"1707\" src=\"https:\/\/parcequestreolympiquebromont.org\/wp-content\/uploads\/2026\/04\/BR101736-Web-scaled-1.jpg\" class=\"attachment-full size-full wp-image-6032\" alt=\"\" srcset=\"https:\/\/parcequestreolympiquebromont.org\/wp-content\/uploads\/2026\/04\/BR101736-Web-scaled-1.jpg 2560w, https:\/\/parcequestreolympiquebromont.org\/wp-content\/uploads\/2026\/04\/BR101736-Web-scaled-1-300x200.jpg 300w, https:\/\/parcequestreolympiquebromont.org\/wp-content\/uploads\/2026\/04\/BR101736-Web-scaled-1-1024x683.jpg 1024w, https:\/\/parcequestreolympiquebromont.org\/wp-content\/uploads\/2026\/04\/BR101736-Web-scaled-1-768x512.jpg 768w, https:\/\/parcequestreolympiquebromont.org\/wp-content\/uploads\/2026\/04\/BR101736-Web-scaled-1-1536x1024.jpg 1536w, https:\/\/parcequestreolympiquebromont.org\/wp-content\/uploads\/2026\/04\/BR101736-Web-scaled-1-2048x1366.jpg 2048w\" sizes=\"(max-width: 2560px) 100vw, 2560px\" \/>\t\t\t\t\t\t\t\t\t\t\t\t\t\t\t<\/div>\n\t\t\t\t<\/div>\n\t\t\t\t<div class=\"elementor-element elementor-element-db69aa5 elementor-widget elementor-widget-text-editor\" data-id=\"db69aa5\" data-element_type=\"widget\" data-e-type=\"widget\" data-widget_type=\"text-editor.default\">\n\t\t\t\t<div class=\"elementor-widget-container\">\n\t\t\t\t\t\t\t\t\t<p>Cr\u00e9dit Ben Radvanyi<\/p>\t\t\t\t\t\t\t\t<\/div>\n\t\t\t\t<\/div>\n\t\t\t\t\t<\/div>\n\t\t\t\t<\/div>\n\t\t<div class=\"elementor-element elementor-element-f8498b7 e-flex e-con-boxed rael-particle-no e-con e-parent\" data-id=\"f8498b7\" data-element_type=\"container\" data-e-type=\"container\" data-settings=\"{&quot;rae_animations_entrance&quot;:&quot;none&quot;}\">\n\t\t\t\t\t<div class=\"e-con-inner\">\n\t\t\t\t<div class=\"elementor-element elementor-element-e7eed87 elementor-widget elementor-widget-heading\" data-id=\"e7eed87\" data-element_type=\"widget\" data-e-type=\"widget\" data-widget_type=\"heading.default\">\n\t\t\t\t<div class=\"elementor-widget-container\">\n\t\t\t\t\t<h2 class=\"elementor-heading-title elementor-size-default\">The history<\/h2>\t\t\t\t<\/div>\n\t\t\t\t<\/div>\n\t\t\t\t<div class=\"elementor-element elementor-element-038b7c7 elementor-widget elementor-widget-text-editor\" data-id=\"038b7c7\" data-element_type=\"widget\" data-e-type=\"widget\" data-widget_type=\"text-editor.default\">\n\t\t\t\t<div class=\"elementor-widget-container\">\n\t\t\t\t\t\t\t\t\t<p data-pm-slice=\"1 1 []\">In the early 1970s, Mr. Roland D\u00e9sourdy, one of the founders of the City of Bromont, proposed the Park to host the equestrian events of the 21st Olympic edition. The site received accreditation in 1974 and from there the facilities were built which, in 1976, would welcome athletes and visitors.<\/p><p>After the Montreal Olympics, the Bromont Olympic Equestrian Park continued its international influence by presenting high-level events including the International Bromont, a show jumping competition held under the direction of Roger Deslauriers.<\/p><p>As a major competition venue, the Park is constantly improving itself. A privileged facility for the next generation of Quebec equestrian sports, the Park offers the opportunity to show alongside top-level athletes in the sport at a top-quality venue.<\/p><p>The Olympic site offers a permanent stable of 80 stalls, numerous training and competition arenas, and a large steeple chase track used in particular for an international level eventing competition.<\/p><p>Its geographical position also gives it several advantages: the growth of the city of Bromont, the beauty of the Eastern Townships mountains, and the proximity of the American border.<\/p>\t\t\t\t\t\t\t\t<\/div>\n\t\t\t\t<\/div>\n\t\t\t\t\t<\/div>\n\t\t\t\t<\/div>\n\t\t\t\t<\/div>\n\t\t","protected":false},"excerpt":{"rendered":"<p>Accueil Cr\u00e9dit Ben Radvanyi The history In the early 1970s, Mr. Roland D\u00e9sourdy, one of the founders of the City [&hellip;]<\/p>\n","protected":false},"author":1,"featured_media":0,"parent":0,"menu_order":0,"comment_status":"closed","ping_status":"closed","template":"","meta":{"om_disable_all_campaigns":false,"_monsterinsights_skip_tracking":false,"_monsterinsights_sitenote_active":false,"_monsterinsights_sitenote_note":"","_monsterinsights_sitenote_category":0,"site-sidebar-layout":"default","site-content-layout":"","ast-site-content-layout":"full-width-container","site-content-style":"default","site-sidebar-style":"default","ast-global-header-display":"","ast-banner-title-visibility":"","ast-main-header-display":"","ast-hfb-above-header-display":"","ast-hfb-below-header-display":"","ast-hfb-mobile-header-display":"","site-post-title":"disabled","ast-breadcrumbs-content":"","ast-featured-img":"","footer-sml-layout":"","ast-disable-related-posts":"","theme-transparent-header-meta":"","adv-header-id-meta":"","stick-header-meta":"","header-above-stick-meta":"","header-main-stick-meta":"","header-below-stick-meta":"","astra-migrate-meta-layouts":"default","ast-page-background-enabled":"default","ast-page-background-meta":{"desktop":{"background-color":"var(--ast-global-color-5)","background-image":"","background-repeat":"repeat","background-position":"center center","background-size":"auto","background-attachment":"scroll","background-type":"","background-media":"","overlay-type":"","overlay-color":"","overlay-opacity":"","overlay-gradient":""},"tablet":{"background-color":"","background-image":"","background-repeat":"repeat","background-position":"center center","background-size":"auto","background-attachment":"scroll","background-type":"","background-media":"","overlay-type":"","overlay-color":"","overlay-opacity":"","overlay-gradient":""},"mobile":{"background-color":"","background-image":"","background-repeat":"repeat","background-position":"center center","background-size":"auto","background-attachment":"scroll","background-type":"","background-media":"","overlay-type":"","overlay-color":"","overlay-opacity":"","overlay-gradient":""}},"ast-content-background-meta":{"desktop":{"background-color":"var(--ast-global-color-4)","background-image":"","background-repeat":"repeat","background-position":"center center","background-size":"auto","background-attachment":"scroll","background-type":"","background-media":"","overlay-type":"","overlay-color":"","overlay-opacity":"","overlay-gradient":""},"tablet":{"background-color":"var(--ast-global-color-4)","background-image":"","background-repeat":"repeat","background-position":"center center","background-size":"auto","background-attachment":"scroll","background-type":"","background-media":"","overlay-type":"","overlay-color":"","overlay-opacity":"","overlay-gradient":""},"mobile":{"background-color":"var(--ast-global-color-4)","background-image":"","background-repeat":"repeat","background-position":"center center","background-size":"auto","background-attachment":"scroll","background-type":"","background-media":"","overlay-type":"","overlay-color":"","overlay-opacity":"","overlay-gradient":""}},"footnotes":""},"class_list":["post-739","page","type-page","status-publish","hentry"],"acf":[],"aioseo_notices":[],"yoast_head":"<!-- This site is optimized with the Yoast SEO plugin v27.3 - https:\/\/yoast.com\/product\/yoast-seo-wordpress\/ -->\n<title>Park - Parc \u00e9questre olympique Bromont<\/title>\n<meta name=\"robots\" content=\"index, follow, max-snippet:-1, max-image-preview:large, max-video-preview:-1\" \/>\n<link rel=\"canonical\" href=\"https:\/\/parcequestreolympiquebromont.org\/en\/park\/\" \/>\n<meta property=\"og:locale\" content=\"en_US\" \/>\n<meta property=\"og:type\" content=\"article\" \/>\n<meta property=\"og:title\" content=\"Park - Parc \u00e9questre olympique Bromont\" \/>\n<meta property=\"og:description\" content=\"Accueil Cr\u00e9dit Ben Radvanyi The history In the early 1970s, Mr. Roland D\u00e9sourdy, one of the founders of the City [&hellip;]\" \/>\n<meta property=\"og:url\" content=\"https:\/\/parcequestreolympiquebromont.org\/en\/park\/\" \/>\n<meta property=\"og:site_name\" content=\"Parc \u00e9questre olympique Bromont\" \/>\n<meta property=\"article:modified_time\" content=\"2026-04-01T20:47:02+00:00\" \/>\n<meta property=\"og:image\" content=\"https:\/\/parcequestreolympiquebromont.org\/wp-content\/uploads\/2026\/04\/banniere-autre-PAGES-1.jpg\" \/>\n\t<meta property=\"og:image:width\" content=\"2550\" \/>\n\t<meta property=\"og:image:height\" content=\"305\" \/>\n\t<meta property=\"og:image:type\" content=\"image\/jpeg\" \/>\n<meta name=\"twitter:card\" content=\"summary_large_image\" \/>\n<meta name=\"twitter:label1\" content=\"Est. reading time\" \/>\n\t<meta name=\"twitter:data1\" content=\"2 minutes\" \/>\n<script type=\"application\/ld+json\" class=\"yoast-schema-graph\">{\"@context\":\"https:\\\/\\\/schema.org\",\"@graph\":[{\"@type\":\"WebPage\",\"@id\":\"https:\\\/\\\/parcequestreolympiquebromont.org\\\/en\\\/park\\\/\",\"url\":\"https:\\\/\\\/parcequestreolympiquebromont.org\\\/en\\\/park\\\/\",\"name\":\"Park - Parc \u00e9questre olympique Bromont\",\"isPartOf\":{\"@id\":\"https:\\\/\\\/parcequestreolympiquebromont.org\\\/#website\"},\"primaryImageOfPage\":{\"@id\":\"https:\\\/\\\/parcequestreolympiquebromont.org\\\/en\\\/park\\\/#primaryimage\"},\"image\":{\"@id\":\"https:\\\/\\\/parcequestreolympiquebromont.org\\\/en\\\/park\\\/#primaryimage\"},\"thumbnailUrl\":\"https:\\\/\\\/parcequestreolympiquebromont.org\\\/wp-content\\\/uploads\\\/2026\\\/04\\\/banniere-autre-PAGES-1.jpg\",\"datePublished\":\"2021-10-29T12:32:13+00:00\",\"dateModified\":\"2026-04-01T20:47:02+00:00\",\"breadcrumb\":{\"@id\":\"https:\\\/\\\/parcequestreolympiquebromont.org\\\/en\\\/park\\\/#breadcrumb\"},\"inLanguage\":\"en-US\",\"potentialAction\":[{\"@type\":\"ReadAction\",\"target\":[\"https:\\\/\\\/parcequestreolympiquebromont.org\\\/en\\\/park\\\/\"]}]},{\"@type\":\"ImageObject\",\"inLanguage\":\"en-US\",\"@id\":\"https:\\\/\\\/parcequestreolympiquebromont.org\\\/en\\\/park\\\/#primaryimage\",\"url\":\"https:\\\/\\\/parcequestreolympiquebromont.org\\\/wp-content\\\/uploads\\\/2026\\\/04\\\/banniere-autre-PAGES-1.jpg\",\"contentUrl\":\"https:\\\/\\\/parcequestreolympiquebromont.org\\\/wp-content\\\/uploads\\\/2026\\\/04\\\/banniere-autre-PAGES-1.jpg\"},{\"@type\":\"BreadcrumbList\",\"@id\":\"https:\\\/\\\/parcequestreolympiquebromont.org\\\/en\\\/park\\\/#breadcrumb\",\"itemListElement\":[{\"@type\":\"ListItem\",\"position\":1,\"name\":\"Accueil\",\"item\":\"https:\\\/\\\/parcequestreolympiquebromont.org\\\/\"},{\"@type\":\"ListItem\",\"position\":2,\"name\":\"Park\"}]},{\"@type\":\"WebSite\",\"@id\":\"https:\\\/\\\/parcequestreolympiquebromont.org\\\/#website\",\"url\":\"https:\\\/\\\/parcequestreolympiquebromont.org\\\/\",\"name\":\"Parc \u00e9questre olympique Bromont\",\"description\":\"\",\"potentialAction\":[{\"@type\":\"SearchAction\",\"target\":{\"@type\":\"EntryPoint\",\"urlTemplate\":\"https:\\\/\\\/parcequestreolympiquebromont.org\\\/?s={search_term_string}\"},\"query-input\":{\"@type\":\"PropertyValueSpecification\",\"valueRequired\":true,\"valueName\":\"search_term_string\"}}],\"inLanguage\":\"en-US\"}]}<\/script>\n<!-- \/ Yoast SEO plugin. -->","yoast_head_json":{"title":"Park - Parc \u00e9questre olympique Bromont","robots":{"index":"index","follow":"follow","max-snippet":"max-snippet:-1","max-image-preview":"max-image-preview:large","max-video-preview":"max-video-preview:-1"},"canonical":"https:\/\/parcequestreolympiquebromont.org\/en\/park\/","og_locale":"en_US","og_type":"article","og_title":"Park - Parc \u00e9questre olympique Bromont","og_description":"Accueil Cr\u00e9dit Ben Radvanyi The history In the early 1970s, Mr. Roland D\u00e9sourdy, one of the founders of the City [&hellip;]","og_url":"https:\/\/parcequestreolympiquebromont.org\/en\/park\/","og_site_name":"Parc \u00e9questre olympique Bromont","article_modified_time":"2026-04-01T20:47:02+00:00","og_image":[{"width":2550,"height":305,"url":"https:\/\/parcequestreolympiquebromont.org\/wp-content\/uploads\/2026\/04\/banniere-autre-PAGES-1.jpg","type":"image\/jpeg"}],"twitter_card":"summary_large_image","twitter_misc":{"Est. reading time":"2 minutes"},"schema":{"@context":"https:\/\/schema.org","@graph":[{"@type":"WebPage","@id":"https:\/\/parcequestreolympiquebromont.org\/en\/park\/","url":"https:\/\/parcequestreolympiquebromont.org\/en\/park\/","name":"Park - Parc \u00e9questre olympique Bromont","isPartOf":{"@id":"https:\/\/parcequestreolympiquebromont.org\/#website"},"primaryImageOfPage":{"@id":"https:\/\/parcequestreolympiquebromont.org\/en\/park\/#primaryimage"},"image":{"@id":"https:\/\/parcequestreolympiquebromont.org\/en\/park\/#primaryimage"},"thumbnailUrl":"https:\/\/parcequestreolympiquebromont.org\/wp-content\/uploads\/2026\/04\/banniere-autre-PAGES-1.jpg","datePublished":"2021-10-29T12:32:13+00:00","dateModified":"2026-04-01T20:47:02+00:00","breadcrumb":{"@id":"https:\/\/parcequestreolympiquebromont.org\/en\/park\/#breadcrumb"},"inLanguage":"en-US","potentialAction":[{"@type":"ReadAction","target":["https:\/\/parcequestreolympiquebromont.org\/en\/park\/"]}]},{"@type":"ImageObject","inLanguage":"en-US","@id":"https:\/\/parcequestreolympiquebromont.org\/en\/park\/#primaryimage","url":"https:\/\/parcequestreolympiquebromont.org\/wp-content\/uploads\/2026\/04\/banniere-autre-PAGES-1.jpg","contentUrl":"https:\/\/parcequestreolympiquebromont.org\/wp-content\/uploads\/2026\/04\/banniere-autre-PAGES-1.jpg"},{"@type":"BreadcrumbList","@id":"https:\/\/parcequestreolympiquebromont.org\/en\/park\/#breadcrumb","itemListElement":[{"@type":"ListItem","position":1,"name":"Accueil","item":"https:\/\/parcequestreolympiquebromont.org\/"},{"@type":"ListItem","position":2,"name":"Park"}]},{"@type":"WebSite","@id":"https:\/\/parcequestreolympiquebromont.org\/#website","url":"https:\/\/parcequestreolympiquebromont.org\/","name":"Parc \u00e9questre olympique Bromont","description":"","potentialAction":[{"@type":"SearchAction","target":{"@type":"EntryPoint","urlTemplate":"https:\/\/parcequestreolympiquebromont.org\/?s={search_term_string}"},"query-input":{"@type":"PropertyValueSpecification","valueRequired":true,"valueName":"search_term_string"}}],"inLanguage":"en-US"}]}},"_links":{"self":[{"href":"https:\/\/parcequestreolympiquebromont.org\/en\/wp-json\/wp\/v2\/pages\/739","targetHints":{"allow":["GET"]}}],"collection":[{"href":"https:\/\/parcequestreolympiquebromont.org\/en\/wp-json\/wp\/v2\/pages"}],"about":[{"href":"https:\/\/parcequestreolympiquebromont.org\/en\/wp-json\/wp\/v2\/types\/page"}],"author":[{"embeddable":true,"href":"https:\/\/parcequestreolympiquebromont.org\/en\/wp-json\/wp\/v2\/users\/1"}],"replies":[{"embeddable":true,"href":"https:\/\/parcequestreolympiquebromont.org\/en\/wp-json\/wp\/v2\/comments?post=739"}],"version-history":[{"count":40,"href":"https:\/\/parcequestreolympiquebromont.org\/en\/wp-json\/wp\/v2\/pages\/739\/revisions"}],"predecessor-version":[{"id":6036,"href":"https:\/\/parcequestreolympiquebromont.org\/en\/wp-json\/wp\/v2\/pages\/739\/revisions\/6036"}],"wp:attachment":[{"href":"https:\/\/parcequestreolympiquebromont.org\/en\/wp-json\/wp\/v2\/media?parent=739"}],"curies":[{"name":"wp","href":"https:\/\/api.w.org\/{rel}","templated":true}]}}